{"id":2804,"date":"2024-07-08T12:28:29","date_gmt":"2024-07-08T10:28:29","guid":{"rendered":"https:\/\/fisitaniafisioterapia.com\/specialties\/"},"modified":"2025-03-26T10:05:40","modified_gmt":"2025-03-26T09:05:40","slug":"specialties","status":"publish","type":"page","link":"https:\/\/fisitaniafisioterapia.com\/en\/specialties\/","title":{"rendered":"Specialties"},"content":{"rendered":"<section class=\"l-section wpb_row height_medium\"><div class=\"l-section-h i-cf\"><div class=\"g-cols vc_row via_flex valign_top type_default stacking_default\"><div class=\"vc_col-sm-12 wpb_column vc_column_container\"><div class=\"vc_column-inner\"><div class=\"wpb_wrapper\"><h1 class=\"w-text us_custom_37adabe2 has_text_color\"><span class=\"w-text-h\"><span class=\"w-text-value\">Especialistas en fisioterapia en M\u00e1laga<\/span><\/span><\/h1><div class=\"w-separator size_small\"><\/div><div class=\"wpb_text_column\"><div class=\"wpb_wrapper\"><p>Adem\u00e1s de los tratamientos de fisioterapia convencionales, Fisitania ofrece una amplia gama de especialidades, como la fisioterapia traumatol\u00f3gica, la fisioterapia neurol\u00f3gica y la fisioterapia cardio-respiratoria. Nos adaptamos a las necesidades espec\u00edficas de cada paciente, con el fin de obtener los mejores resultados posibles.<\/p>\n<\/div><\/div><div class=\"w-separator size_medium\"><\/div><div class=\"w-grid us_grid type_grid layout_1229 cols_4 pagination_infinite preload_style_spinner\" id=\"us_grid_1\" style=\"--columns:4;--gap:1rem;\" data-filterable=\"true\"><style>@media (max-width:1024px){#us_grid_1{--columns:2!important}}@media (max-width:600px){#us_grid_1{--columns:1!important}}.layout_1229 .w-grid-item-h{}.layout_1229 .usg_post_image_1{transition-duration:0.3s;transform-origin:50% 50%;transform:scale(1) translate(0%,0%)}.layout_1229 .w-grid-item-h:focus-within .usg_post_image_1,.layout_1229 .w-grid-item-h:hover .usg_post_image_1{transform:scale(1) translate(0%,0%);opacity:0.9}.layout_1229 .usg_vwrapper_1{transition-duration:0.3s;transform-origin:50% 50%;transform:scale(1) translate(0%,0%)}.layout_1229 .w-grid-item-h:focus-within .usg_vwrapper_1,.layout_1229 .w-grid-item-h:hover .usg_vwrapper_1{transform:scale(1) translate(0%,0%);opacity:1;border-color:var(--color-content-primary)!important}.layout_1229 .usg_vwrapper_1{padding:1.5rem!important;background:var(--color-content-bg)!important;border:1px solid var(--color-alt-content-overlay)!important}.layout_1229 .usg_post_title_1{min-height:43.19px!important}<\/style><div class=\"w-grid-list\">\t<article class=\"w-grid-item size_1x1 post-2872 especialidad type-especialidad status-publish has-post-thumbnail hentry\" data-id=\"2872\">\r\n\t\t<div class=\"w-grid-item-h\">\r\n\t\t\t\t\t\t\t<a href=\"https:\/\/fisitaniafisioterapia.com\/en\/specialty\/traumatological-physiotherapy\/\" class=\"w-grid-item-anchor\" aria-label=\"TRAUMATOLOGICAL PHYSIOTHERAPY\"><\/a>\r\n\t\t\t\t\t\t<div class=\"w-post-elm post_image usg_post_image_1 has_ratio\"><img loading=\"lazy\" decoding=\"async\" width=\"1142\" height=\"1185\" src=\"https:\/\/fisitaniafisioterapia.com\/wp-content\/uploads\/2024\/09\/traumatologica.jpeg\" class=\"attachment-full size-full wp-post-image\" alt=\"\" \/><div style=\"padding-bottom:100%\"><\/div><\/div><div class=\"w-vwrapper usg_vwrapper_1 align_center valign_top\" style=\"--vwrapper-gap:0rem\"><h3 class=\"w-post-elm post_title usg_post_title_1 entry-title\">TRAUMATOLOGICAL PHYSIOTHERAPY<\/h3><\/div>\t\t<\/div>\r\n\t\t\t<\/article>\r\n\t<article class=\"w-grid-item size_1x1 post-2863 especialidad type-especialidad status-publish has-post-thumbnail hentry\" data-id=\"2863\">\r\n\t\t<div class=\"w-grid-item-h\">\r\n\t\t\t\t\t\t\t<a href=\"https:\/\/fisitaniafisioterapia.com\/en\/specialty\/neurological-physiotherapy\/\" class=\"w-grid-item-anchor\" aria-label=\"NEUROLOGICAL PHYSIOTHERAPY\"><\/a>\r\n\t\t\t\t\t\t<div class=\"w-post-elm post_image usg_post_image_1 has_ratio\"><img loading=\"lazy\" decoding=\"async\" width=\"2440\" height=\"1408\" src=\"https:\/\/fisitaniafisioterapia.com\/wp-content\/uploads\/2025\/03\/Captura-de-pantalla-2025-03-31-a-las-12.19.19.png\" class=\"attachment-full size-full wp-post-image\" alt=\"\" \/><div style=\"padding-bottom:100%\"><\/div><\/div><div class=\"w-vwrapper usg_vwrapper_1 align_center valign_top\" style=\"--vwrapper-gap:0rem\"><h3 class=\"w-post-elm post_title usg_post_title_1 entry-title\">NEUROLOGICAL PHYSIOTHERAPY<\/h3><\/div>\t\t<\/div>\r\n\t\t\t<\/article>\r\n\t<article class=\"w-grid-item size_1x1 post-2867 especialidad type-especialidad status-publish has-post-thumbnail hentry\" data-id=\"2867\">\r\n\t\t<div class=\"w-grid-item-h\">\r\n\t\t\t\t\t\t\t<a href=\"https:\/\/fisitaniafisioterapia.com\/en\/specialty\/pelvic-floor-physiotherapy\/\" class=\"w-grid-item-anchor\" aria-label=\"PELVIC FLOOR PHYSIOTHERAPY\"><\/a>\r\n\t\t\t\t\t\t<div class=\"w-post-elm post_image usg_post_image_1 has_ratio\"><img loading=\"lazy\" decoding=\"async\" width=\"1920\" height=\"1080\" src=\"https:\/\/fisitaniafisioterapia.com\/wp-content\/uploads\/2025\/03\/Graffiti-home-firma.jpg\" class=\"attachment-full size-full wp-post-image\" alt=\"\" \/><div style=\"padding-bottom:100%\"><\/div><\/div><div class=\"w-vwrapper usg_vwrapper_1 align_center valign_top\" style=\"--vwrapper-gap:0rem\"><h3 class=\"w-post-elm post_title usg_post_title_1 entry-title\">PELVIC FLOOR PHYSIOTHERAPY<\/h3><\/div>\t\t<\/div>\r\n\t\t\t<\/article>\r\n\t<article class=\"w-grid-item size_1x1 post-2871 especialidad type-especialidad status-publish has-post-thumbnail hentry\" data-id=\"2871\">\r\n\t\t<div class=\"w-grid-item-h\">\r\n\t\t\t\t\t\t\t<a href=\"https:\/\/fisitaniafisioterapia.com\/en\/specialty\/oncological-physiotherapy\/\" class=\"w-grid-item-anchor\" aria-label=\"ONCOLOGICAL PHYSIOTHERAPY\"><\/a>\r\n\t\t\t\t\t\t<div class=\"w-post-elm post_image usg_post_image_1 has_ratio\"><img loading=\"lazy\" decoding=\"async\" width=\"1536\" height=\"1024\" src=\"https:\/\/fisitaniafisioterapia.com\/wp-content\/uploads\/2024\/09\/94C5073A-0113-401A-B61B-ABD79D34C24E.png\" class=\"attachment-full size-full wp-post-image\" alt=\"\" \/><div style=\"padding-bottom:100%\"><\/div><\/div><div class=\"w-vwrapper usg_vwrapper_1 align_center valign_top\" style=\"--vwrapper-gap:0rem\"><h3 class=\"w-post-elm post_title usg_post_title_1 entry-title\">ONCOLOGICAL PHYSIOTHERAPY<\/h3><\/div>\t\t<\/div>\r\n\t\t\t<\/article>\r\n\t<article class=\"w-grid-item size_1x1 post-2873 especialidad type-especialidad status-publish has-post-thumbnail hentry\" data-id=\"2873\">\r\n\t\t<div class=\"w-grid-item-h\">\r\n\t\t\t\t\t\t\t<a href=\"https:\/\/fisitaniafisioterapia.com\/en\/specialty\/cardio-respiratory-physiotherapy\/\" class=\"w-grid-item-anchor\" aria-label=\"CARDIO-RESPIRATORY PHYSIOTHERAPY\"><\/a>\r\n\t\t\t\t\t\t<div class=\"w-post-elm post_image usg_post_image_1 has_ratio\"><img loading=\"lazy\" decoding=\"async\" width=\"1920\" height=\"1080\" src=\"https:\/\/fisitaniafisioterapia.com\/wp-content\/uploads\/2025\/03\/Graffiti-home-firma.jpg\" class=\"attachment-full size-full wp-post-image\" alt=\"\" \/><div style=\"padding-bottom:100%\"><\/div><\/div><div class=\"w-vwrapper usg_vwrapper_1 align_center valign_top\" style=\"--vwrapper-gap:0rem\"><h3 class=\"w-post-elm post_title usg_post_title_1 entry-title\">CARDIO-RESPIRATORY PHYSIOTHERAPY<\/h3><\/div>\t\t<\/div>\r\n\t\t\t<\/article>\r\n\t<article class=\"w-grid-item size_1x1 post-2874 especialidad type-especialidad status-publish has-post-thumbnail hentry\" data-id=\"2874\">\r\n\t\t<div class=\"w-grid-item-h\">\r\n\t\t\t\t\t\t\t<a href=\"https:\/\/fisitaniafisioterapia.com\/en\/specialty\/functional-rehabilitation\/\" class=\"w-grid-item-anchor\" aria-label=\"FUNCTIONAL REHABILITATION\"><\/a>\r\n\t\t\t\t\t\t<div class=\"w-post-elm post_image usg_post_image_1 has_ratio\"><img loading=\"lazy\" decoding=\"async\" width=\"6048\" height=\"4536\" src=\"https:\/\/fisitaniafisioterapia.com\/wp-content\/uploads\/2024\/09\/6.png\" class=\"attachment-full size-full wp-post-image\" alt=\"ejercicio terap\u00e9utico en cl\u00ednica de fisioterapia en M\u00e1laga\" \/><div style=\"padding-bottom:100%\"><\/div><\/div><div class=\"w-vwrapper usg_vwrapper_1 align_center valign_top\" style=\"--vwrapper-gap:0rem\"><h3 class=\"w-post-elm post_title usg_post_title_1 entry-title\">FUNCTIONAL REHABILITATION<\/h3><\/div>\t\t<\/div>\r\n\t\t\t<\/article>\r\n\t<article class=\"w-grid-item size_1x1 post-2876 especialidad type-especialidad status-publish has-post-thumbnail hentry\" data-id=\"2876\">\r\n\t\t<div class=\"w-grid-item-h\">\r\n\t\t\t\t\t\t\t<a href=\"https:\/\/fisitaniafisioterapia.com\/en\/specialty\/pilates-therapeutic-machine\/\" class=\"w-grid-item-anchor\" aria-label=\"PILATES THERAPEUTIC MACHINE\"><\/a>\r\n\t\t\t\t\t\t<div class=\"w-post-elm post_image usg_post_image_1 has_ratio\"><img loading=\"lazy\" decoding=\"async\" width=\"2560\" height=\"1920\" src=\"https:\/\/fisitaniafisioterapia.com\/wp-content\/uploads\/2025\/02\/Sala-Pilates-Maquinas-scaled.jpg\" class=\"attachment-full size-full wp-post-image\" alt=\"\" \/><div style=\"padding-bottom:100%\"><\/div><\/div><div class=\"w-vwrapper usg_vwrapper_1 align_center valign_top\" style=\"--vwrapper-gap:0rem\"><h3 class=\"w-post-elm post_title usg_post_title_1 entry-title\">PILATES THERAPEUTIC MACHINE<\/h3><\/div>\t\t<\/div>\r\n\t\t\t<\/article>\r\n\t<article class=\"w-grid-item size_1x1 post-2878 especialidad type-especialidad status-publish has-post-thumbnail hentry\" data-id=\"2878\">\r\n\t\t<div class=\"w-grid-item-h\">\r\n\t\t\t\t\t\t\t<a href=\"https:\/\/fisitaniafisioterapia.com\/en\/specialty\/tmj-physiotherapy\/\" class=\"w-grid-item-anchor\" aria-label=\"TMJ PHYSIOTHERAPY\"><\/a>\r\n\t\t\t\t\t\t<div class=\"w-post-elm post_image usg_post_image_1 has_ratio\"><img loading=\"lazy\" decoding=\"async\" width=\"4032\" height=\"3024\" src=\"https:\/\/fisitaniafisioterapia.com\/wp-content\/uploads\/2025\/03\/lesiones-Pagina-Web-5.png\" class=\"attachment-full size-full wp-post-image\" alt=\"\" \/><div style=\"padding-bottom:100%\"><\/div><\/div><div class=\"w-vwrapper usg_vwrapper_1 align_center valign_top\" style=\"--vwrapper-gap:0rem\"><h3 class=\"w-post-elm post_title usg_post_title_1 entry-title\">TMJ PHYSIOTHERAPY<\/h3><\/div>\t\t<\/div>\r\n\t\t\t<\/article>\r\n\t<article class=\"w-grid-item size_1x1 post-2880 especialidad type-especialidad status-publish has-post-thumbnail hentry\" data-id=\"2880\">\r\n\t\t<div class=\"w-grid-item-h\">\r\n\t\t\t\t\t\t\t<a href=\"https:\/\/fisitaniafisioterapia.com\/en\/specialty\/lymphatic-drainage\/\" class=\"w-grid-item-anchor\" aria-label=\"LYMPHATIC DRAINAGE\"><\/a>\r\n\t\t\t\t\t\t<div class=\"w-post-elm post_image usg_post_image_1 has_ratio\"><img loading=\"lazy\" decoding=\"async\" width=\"1920\" height=\"2560\" src=\"https:\/\/fisitaniafisioterapia.com\/wp-content\/uploads\/2025\/01\/lesion-o-patologia-cervicalgia-scaled-blackwhite.jpg\" class=\"attachment-full size-full wp-post-image\" alt=\"\" \/><div style=\"padding-bottom:100%\"><\/div><\/div><div class=\"w-vwrapper usg_vwrapper_1 align_center valign_top\" style=\"--vwrapper-gap:0rem\"><h3 class=\"w-post-elm post_title usg_post_title_1 entry-title\">LYMPHATIC DRAINAGE<\/h3><\/div>\t\t<\/div>\r\n\t\t\t<\/article>\r\n\t<article class=\"w-grid-item size_1x1 post-2882 especialidad type-especialidad status-publish has-post-thumbnail hentry\" data-id=\"2882\">\r\n\t\t<div class=\"w-grid-item-h\">\r\n\t\t\t\t\t\t\t<a href=\"https:\/\/fisitaniafisioterapia.com\/en\/specialty\/physioaesthetics\/\" class=\"w-grid-item-anchor\" aria-label=\"PHYSIOAESTHETICS\"><\/a>\r\n\t\t\t\t\t\t<div class=\"w-post-elm post_image usg_post_image_1 has_ratio\"><img decoding=\"async\" src=\"https:\/\/fisitaniafisioterapia.com\/wp-content\/uploads\/2024\/09\/Sis-Cuadriceps.svg\" class=\"attachment-full size-full wp-post-image\" alt=\"\" \/><div style=\"padding-bottom:100%\"><\/div><\/div><div class=\"w-vwrapper usg_vwrapper_1 align_center valign_top\" style=\"--vwrapper-gap:0rem\"><h3 class=\"w-post-elm post_title usg_post_title_1 entry-title\">PHYSIOAESTHETICS<\/h3><\/div>\t\t<\/div>\r\n\t\t\t<\/article>\r\n\t<article class=\"w-grid-item size_1x1 post-2884 especialidad type-especialidad status-publish has-post-thumbnail hentry\" data-id=\"2884\">\r\n\t\t<div class=\"w-grid-item-h\">\r\n\t\t\t\t\t\t\t<a href=\"https:\/\/fisitaniafisioterapia.com\/en\/specialty\/manual-therapy\/\" class=\"w-grid-item-anchor\" aria-label=\"MANUAL THERAPY\"><\/a>\r\n\t\t\t\t\t\t<div class=\"w-post-elm post_image usg_post_image_1 has_ratio\"><img loading=\"lazy\" decoding=\"async\" width=\"1920\" height=\"2560\" src=\"https:\/\/fisitaniafisioterapia.com\/wp-content\/uploads\/2024\/09\/lesion-o-patologia-cervicalgia-scaled.jpg\" class=\"attachment-full size-full wp-post-image\" alt=\"\" \/><div style=\"padding-bottom:100%\"><\/div><\/div><div class=\"w-vwrapper usg_vwrapper_1 align_center valign_top\" style=\"--vwrapper-gap:0rem\"><h3 class=\"w-post-elm post_title usg_post_title_1 entry-title\">MANUAL THERAPY<\/h3><\/div>\t\t<\/div>\r\n\t\t\t<\/article>\r\n\t<article class=\"w-grid-item size_1x1 post-3119 especialidad type-especialidad status-publish has-post-thumbnail hentry\" data-id=\"3119\">\r\n\t\t<div class=\"w-grid-item-h\">\r\n\t\t\t\t\t\t\t<a href=\"https:\/\/fisitaniafisioterapia.com\/en\/specialty\/pilates-therapeutic-machine-2\/\" class=\"w-grid-item-anchor\" aria-label=\"PILATES THERAPEUTIC MACHINE\"><\/a>\r\n\t\t\t\t\t\t<div class=\"w-post-elm post_image usg_post_image_1 has_ratio\"><img loading=\"lazy\" decoding=\"async\" width=\"1920\" height=\"2560\" src=\"https:\/\/fisitaniafisioterapia.com\/wp-content\/uploads\/2025\/01\/6-scaled.jpg\" class=\"attachment-full size-full wp-post-image\" alt=\"\" \/><div style=\"padding-bottom:100%\"><\/div><\/div><div class=\"w-vwrapper usg_vwrapper_1 align_center valign_top\" style=\"--vwrapper-gap:0rem\"><h3 class=\"w-post-elm post_title usg_post_title_1 entry-title\">PILATES THERAPEUTIC MACHINE<\/h3><\/div>\t\t<\/div>\r\n\t\t\t<\/article>\r\n<\/div>\t<div class=\"w-grid-preloader\">\r\n\t\t<div class=\"g-preloader type_1\">\r\n\t\t\t<div><\/div>\r\n\t\t<\/div>\r\n\t<\/div>\r\n\t\t<div class=\"w-grid-json hidden\" onclick='return {&quot;action&quot;:&quot;us_ajax_grid&quot;,&quot;infinite_scroll&quot;:0,&quot;max_num_pages&quot;:1,&quot;pagination&quot;:&quot;infinite&quot;,&quot;template_vars&quot;:{&quot;columns&quot;:&quot;4&quot;,&quot;exclude_items&quot;:&quot;none&quot;,&quot;img_size&quot;:&quot;default&quot;,&quot;ignore_items_size&quot;:0,&quot;items_layout&quot;:&quot;1229&quot;,&quot;items_offset&quot;:&quot;1&quot;,&quot;load_animation&quot;:&quot;none&quot;,&quot;overriding_link&quot;:&quot;%7B%22type%22%3A%22post%22%7D&quot;,&quot;post_id&quot;:0,&quot;query_args&quot;:{&quot;post_type&quot;:[&quot;especialidad&quot;],&quot;post_status&quot;:[&quot;publish&quot;,&quot;acf-disabled&quot;],&quot;posts_per_page&quot;:&quot;12&quot;},&quot;orderby_query_args&quot;:{&quot;orderby&quot;:{&quot;date&quot;:&quot;ASC&quot;}},&quot;type&quot;:&quot;grid&quot;,&quot;us_grid_post_type&quot;:&quot;especialidad&quot;,&quot;us_grid_ajax_index&quot;:1,&quot;us_grid_filter_query_string&quot;:null,&quot;us_grid_index&quot;:1,&quot;page_args&quot;:[],&quot;lang&quot;:&quot;en&quot;}}'><\/div>\r\n\t<\/div><\/div><\/div><\/div><\/div><\/div><\/section>\n","protected":false},"excerpt":{"rendered":"Pilates Therapeutic MachineRehabilitation and strengthening in Physitania physiotherapy. The Pilates Therapeutic Machine is an advanced modality of the Pilates method that combines the use of specialized equipment such as the Reformer, Cadillac, Chair and Barrel with a therapeutic approach. This method is designed to rehabilitate injuries, strengthen the body, and improve posture in a safe,...","protected":false},"author":5,"featured_media":0,"parent":0,"menu_order":0,"comment_status":"closed","ping_status":"closed","template":"","meta":{"_acf_changed":false,"_joinchat":[],"footnotes":""},"class_list":["post-2804","page","type-page","status-publish","hentry"],"acf":[],"yoast_head":"<!-- This site is optimized with the Yoast SEO plugin v27.3 - https:\/\/yoast.com\/product\/yoast-seo-wordpress\/ -->\n<title>Specialties | Fisitania Fisioterapia<\/title>\n<meta name=\"robots\" content=\"index, follow, max-snippet:-1, max-image-preview:large, max-video-preview:-1\" \/>\n<link rel=\"canonical\" href=\"https:\/\/fisitaniafisioterapia.com\/en\/specialties\/\" \/>\n<meta property=\"og:locale\" content=\"en_US\" \/>\n<meta property=\"og:type\" content=\"article\" \/>\n<meta property=\"og:title\" content=\"Specialties | Fisitania Fisioterapia\" \/>\n<meta property=\"og:url\" content=\"https:\/\/fisitaniafisioterapia.com\/en\/specialties\/\" \/>\n<meta property=\"og:site_name\" content=\"Fisitania Fisioterapia\" \/>\n<meta property=\"article:modified_time\" content=\"2025-03-26T09:05:40+00:00\" \/>\n<meta property=\"og:image\" content=\"https:\/\/fisitaniafisioterapia.com\/wp-content\/uploads\/2021\/12\/LOGO-e1720693176847.png\" \/>\n\t<meta property=\"og:image:width\" content=\"284\" \/>\n\t<meta property=\"og:image:height\" content=\"223\" \/>\n\t<meta property=\"og:image:type\" content=\"image\/png\" \/>\n<meta name=\"twitter:card\" content=\"summary_large_image\" \/>\n<meta name=\"twitter:label1\" content=\"Est. reading time\" \/>\n\t<meta name=\"twitter:data1\" content=\"1 minute\" \/>\n<script type=\"application\/ld+json\" class=\"yoast-schema-graph\">{\"@context\":\"https:\\\/\\\/schema.org\",\"@graph\":[{\"@type\":\"WebPage\",\"@id\":\"https:\\\/\\\/fisitaniafisioterapia.com\\\/en\\\/specialties\\\/\",\"url\":\"https:\\\/\\\/fisitaniafisioterapia.com\\\/en\\\/specialties\\\/\",\"name\":\"Specialties | Fisitania Fisioterapia\",\"isPartOf\":{\"@id\":\"https:\\\/\\\/fisitaniafisioterapia.com\\\/en\\\/#website\"},\"datePublished\":\"2024-07-08T10:28:29+00:00\",\"dateModified\":\"2025-03-26T09:05:40+00:00\",\"breadcrumb\":{\"@id\":\"https:\\\/\\\/fisitaniafisioterapia.com\\\/en\\\/specialties\\\/#breadcrumb\"},\"inLanguage\":\"en-US\",\"potentialAction\":[{\"@type\":\"ReadAction\",\"target\":[\"https:\\\/\\\/fisitaniafisioterapia.com\\\/en\\\/specialties\\\/\"]}]},{\"@type\":\"BreadcrumbList\",\"@id\":\"https:\\\/\\\/fisitaniafisioterapia.com\\\/en\\\/specialties\\\/#breadcrumb\",\"itemListElement\":[{\"@type\":\"ListItem\",\"position\":1,\"name\":\"Inicio\",\"item\":\"https:\\\/\\\/fisitaniafisioterapia.com\\\/en\\\/\"},{\"@type\":\"ListItem\",\"position\":2,\"name\":\"Specialties\"}]},{\"@type\":\"WebSite\",\"@id\":\"https:\\\/\\\/fisitaniafisioterapia.com\\\/en\\\/#website\",\"url\":\"https:\\\/\\\/fisitaniafisioterapia.com\\\/en\\\/\",\"name\":\"Fisitania Fisioterapia\",\"description\":\"Cl&iacute;nica de fisioterapia en M&aacute;laga.\",\"publisher\":{\"@id\":\"https:\\\/\\\/fisitaniafisioterapia.com\\\/en\\\/#organization\"},\"potentialAction\":[{\"@type\":\"SearchAction\",\"target\":{\"@type\":\"EntryPoint\",\"urlTemplate\":\"https:\\\/\\\/fisitaniafisioterapia.com\\\/en\\\/?s={search_term_string}\"},\"query-input\":{\"@type\":\"PropertyValueSpecification\",\"valueRequired\":true,\"valueName\":\"search_term_string\"}}],\"inLanguage\":\"en-US\"},{\"@type\":\"Organization\",\"@id\":\"https:\\\/\\\/fisitaniafisioterapia.com\\\/en\\\/#organization\",\"name\":\"Fisitania Fisioterapia\",\"url\":\"https:\\\/\\\/fisitaniafisioterapia.com\\\/en\\\/\",\"logo\":{\"@type\":\"ImageObject\",\"inLanguage\":\"en-US\",\"@id\":\"https:\\\/\\\/fisitaniafisioterapia.com\\\/en\\\/#\\\/schema\\\/logo\\\/image\\\/\",\"url\":\"https:\\\/\\\/fisitaniafisioterapia.com\\\/wp-content\\\/uploads\\\/2021\\\/12\\\/FISITANIA_1_300ppp.jpg\",\"contentUrl\":\"https:\\\/\\\/fisitaniafisioterapia.com\\\/wp-content\\\/uploads\\\/2021\\\/12\\\/FISITANIA_1_300ppp.jpg\",\"width\":680,\"height\":486,\"caption\":\"Fisitania Fisioterapia\"},\"image\":{\"@id\":\"https:\\\/\\\/fisitaniafisioterapia.com\\\/en\\\/#\\\/schema\\\/logo\\\/image\\\/\"}}]}<\/script>\n<!-- \/ Yoast SEO plugin. -->","yoast_head_json":{"title":"Specialties | Fisitania Fisioterapia","robots":{"index":"index","follow":"follow","max-snippet":"max-snippet:-1","max-image-preview":"max-image-preview:large","max-video-preview":"max-video-preview:-1"},"canonical":"https:\/\/fisitaniafisioterapia.com\/en\/specialties\/","og_locale":"en_US","og_type":"article","og_title":"Specialties | Fisitania Fisioterapia","og_url":"https:\/\/fisitaniafisioterapia.com\/en\/specialties\/","og_site_name":"Fisitania Fisioterapia","article_modified_time":"2025-03-26T09:05:40+00:00","og_image":[{"width":284,"height":223,"url":"https:\/\/fisitaniafisioterapia.com\/wp-content\/uploads\/2021\/12\/LOGO-e1720693176847.png","type":"image\/png"}],"twitter_card":"summary_large_image","twitter_misc":{"Est. reading time":"1 minute"},"schema":{"@context":"https:\/\/schema.org","@graph":[{"@type":"WebPage","@id":"https:\/\/fisitaniafisioterapia.com\/en\/specialties\/","url":"https:\/\/fisitaniafisioterapia.com\/en\/specialties\/","name":"Specialties | Fisitania Fisioterapia","isPartOf":{"@id":"https:\/\/fisitaniafisioterapia.com\/en\/#website"},"datePublished":"2024-07-08T10:28:29+00:00","dateModified":"2025-03-26T09:05:40+00:00","breadcrumb":{"@id":"https:\/\/fisitaniafisioterapia.com\/en\/specialties\/#breadcrumb"},"inLanguage":"en-US","potentialAction":[{"@type":"ReadAction","target":["https:\/\/fisitaniafisioterapia.com\/en\/specialties\/"]}]},{"@type":"BreadcrumbList","@id":"https:\/\/fisitaniafisioterapia.com\/en\/specialties\/#breadcrumb","itemListElement":[{"@type":"ListItem","position":1,"name":"Inicio","item":"https:\/\/fisitaniafisioterapia.com\/en\/"},{"@type":"ListItem","position":2,"name":"Specialties"}]},{"@type":"WebSite","@id":"https:\/\/fisitaniafisioterapia.com\/en\/#website","url":"https:\/\/fisitaniafisioterapia.com\/en\/","name":"Fisitania Fisioterapia","description":"Cl&iacute;nica de fisioterapia en M&aacute;laga.","publisher":{"@id":"https:\/\/fisitaniafisioterapia.com\/en\/#organization"},"potentialAction":[{"@type":"SearchAction","target":{"@type":"EntryPoint","urlTemplate":"https:\/\/fisitaniafisioterapia.com\/en\/?s={search_term_string}"},"query-input":{"@type":"PropertyValueSpecification","valueRequired":true,"valueName":"search_term_string"}}],"inLanguage":"en-US"},{"@type":"Organization","@id":"https:\/\/fisitaniafisioterapia.com\/en\/#organization","name":"Fisitania Fisioterapia","url":"https:\/\/fisitaniafisioterapia.com\/en\/","logo":{"@type":"ImageObject","inLanguage":"en-US","@id":"https:\/\/fisitaniafisioterapia.com\/en\/#\/schema\/logo\/image\/","url":"https:\/\/fisitaniafisioterapia.com\/wp-content\/uploads\/2021\/12\/FISITANIA_1_300ppp.jpg","contentUrl":"https:\/\/fisitaniafisioterapia.com\/wp-content\/uploads\/2021\/12\/FISITANIA_1_300ppp.jpg","width":680,"height":486,"caption":"Fisitania Fisioterapia"},"image":{"@id":"https:\/\/fisitaniafisioterapia.com\/en\/#\/schema\/logo\/image\/"}}]}},"_links":{"self":[{"href":"https:\/\/fisitaniafisioterapia.com\/en\/wp-json\/wp\/v2\/pages\/2804","targetHints":{"allow":["GET"]}}],"collection":[{"href":"https:\/\/fisitaniafisioterapia.com\/en\/wp-json\/wp\/v2\/pages"}],"about":[{"href":"https:\/\/fisitaniafisioterapia.com\/en\/wp-json\/wp\/v2\/types\/page"}],"author":[{"embeddable":true,"href":"https:\/\/fisitaniafisioterapia.com\/en\/wp-json\/wp\/v2\/users\/5"}],"replies":[{"embeddable":true,"href":"https:\/\/fisitaniafisioterapia.com\/en\/wp-json\/wp\/v2\/comments?post=2804"}],"version-history":[{"count":1,"href":"https:\/\/fisitaniafisioterapia.com\/en\/wp-json\/wp\/v2\/pages\/2804\/revisions"}],"predecessor-version":[{"id":2805,"href":"https:\/\/fisitaniafisioterapia.com\/en\/wp-json\/wp\/v2\/pages\/2804\/revisions\/2805"}],"wp:attachment":[{"href":"https:\/\/fisitaniafisioterapia.com\/en\/wp-json\/wp\/v2\/media?parent=2804"}],"curies":[{"name":"wp","href":"https:\/\/api.w.org\/{rel}","templated":true}]}}