{"id":2807,"date":"2024-07-09T12:30:18","date_gmt":"2024-07-09T10:30:18","guid":{"rendered":"https:\/\/fisitaniafisioterapia.com\/cookies-policy\/"},"modified":"2025-03-26T10:05:39","modified_gmt":"2025-03-26T09:05:39","slug":"cookies-policy","status":"publish","type":"page","link":"https:\/\/fisitaniafisioterapia.com\/en\/cookies-policy\/","title":{"rendered":"Cookies Policy"},"content":{"rendered":"<section class=\"l-section wpb_row height_medium\"><div class=\"l-section-h i-cf\"><div class=\"g-cols vc_row via_flex valign_top type_default stacking_default\"><div class=\"vc_col-sm-12 wpb_column vc_column_container\"><div class=\"vc_column-inner\"><div class=\"wpb_wrapper\"><h1 class=\"w-post-elm post_title entry-title\">Cookies Policy<\/h1><div class=\"w-separator size_medium\"><\/div><div class=\"wpb_text_column\"><div class=\"wpb_wrapper\"><h2>1. \u00bfQu\u00e9 son las cookies?<\/h2>\n<\/div><\/div><div class=\"w-separator size_small\"><\/div><div class=\"wpb_text_column\"><div class=\"wpb_wrapper\"><p>Rebeca Montilla Fuentes es responsable de la p\u00e1gina web fisitaniafisioterapia.com, y utiliza cookies y\/u otros archivos de funcionalidad similar (en adelante \u201cCookies\u201d).<\/p>\n<p>Las Cookies son peque\u00f1os archivos de datos que se env\u00edan al ordenador del usuario, tel\u00e9fono m\u00f3vil u otro dispositivo de acceso cuando visita una p\u00e1gina web y que permiten obtener informaci\u00f3n relativa a su navegaci\u00f3n o un c\u00f3digo que permite identificar inequ\u00edvocamente al usuario.<\/p>\n<\/div><\/div><div class=\"w-separator size_medium\"><\/div><div class=\"wpb_text_column\"><div class=\"wpb_wrapper\"><h2>2. Tipolog\u00eda de cookies y finalidades de uso<\/h2>\n<\/div><\/div><div class=\"w-separator size_small\"><\/div><div class=\"wpb_text_column\"><div class=\"wpb_wrapper\"><p>La p\u00e1gina web fisitaniafisioterapia.com\u00a0utiliza Cookies de sesi\u00f3n y\/o Cookies persistentes que, a su vez, pueden ser Cookies propias y\/o de terceros.<\/p>\n<p>Las Cookies de sesi\u00f3n son cookies dise\u00f1adas para recabar y almacenar datos mientras el usuario accede a una p\u00e1gina web. Se suelen emplear para almacenar informaci\u00f3n que solo interesa conservar para la prestaci\u00f3n del servicio solicitado por el usuario en una sola ocasi\u00f3n.<\/p>\n<p>Las Cookies persistentes son un tipo de cookies en el que los datos siguen almacenados en el terminal y a los que se puede acceder y tratar durante un periodo definido por el responsable de la cookie, y que puede ir de unos minutos a varios a\u00f1os.<\/p>\n<p><strong>Cookies propias<\/strong>: Las creadas o gestionadas por el responsable de la p\u00e1gina web. La p\u00e1gina web fisitaniafisioterapia.com\u00a0utiliza Cookies propias con las siguientes finalidades:<\/p>\n<ul>\n<li><strong>T\u00e9cnicas<\/strong>: permiten al usuario la navegaci\u00f3n la utilizaci\u00f3n de las diferentes opciones o servicios que en ella existan como, por ejemplo, controlar el tr\u00e1fico y la comunicaci\u00f3n de datos, identificar la sesi\u00f3n, acceder a partes de acceso restringido, utilizar elementos de seguridad durante la navegaci\u00f3n, almacenar contenidos.<\/li>\n<li><strong>Personalizaci\u00f3n<\/strong>: permiten al usuario acceder al servicio con algunas caracter\u00edsticas de car\u00e1cter general predefinidas en funci\u00f3n de una serie de criterios en el terminal del usuario como, por ejemplo, recordar preferencias de reproducci\u00f3n de v\u00eddeos.<\/li>\n<\/ul>\n<p><strong>Cookies de terceros<\/strong>: Las administradas por prestadores de servicios ajenos a Rebeca Montilla Fuentes.<\/p>\n<\/div><\/div><div class=\"w-separator size_medium\"><\/div><div class=\"wpb_text_column\"><div class=\"wpb_wrapper\"><h2>3. Desactivaci\u00f3n o eliminaci\u00f3n de las cookies<\/h2>\n<\/div><\/div><div class=\"w-separator size_small\"><\/div><div class=\"wpb_text_column\"><div class=\"wpb_wrapper\"><p>La mayor\u00eda de navegadores web permite gestionar, en cualquier momento, las preferencias del usuario sobre el uso de las Cookies. El usuario puede ajustar su navegador para que rechace Cookies o elimine determinadas Cookies seg\u00fan su criterio.<\/p>\n<p>Para la configuraci\u00f3n de las Cookies el usuario puede acceder a:<\/p>\n<p><a href=\"https:\/\/support.google.com\/chrome\/answer\/95647?co=GENIE.Platform=Desktop&amp;&amp;hl=es\" target=\"_blank\" rel=\"noopener\">Google Chrome<\/a><br \/>\n<a href=\"https:\/\/support.mozilla.org\/es\/kb\/impedir-que-los-sitios-web-guarden-sus-preferencia\" target=\"_blank\" rel=\"noopener\">Mozilla Firefox<\/a><br \/>\n<a href=\"https:\/\/support.microsoft.com\/es-es\/windows\/eliminar-y-administrar-cookies-168dab11-0753-043d-7c16-ede5947fc64d\" target=\"_blank\" rel=\"noopener\">Internet Explorer<\/a><br \/>\n<a href=\"https:\/\/support.microsoft.com\/es-es\/windows\/microsoft-edge-datos-de-exploraci%C3%B3n-y-privacidad-bb8174ba-9d73-dcf2-9b4a-c582b4e640dd\" target=\"_blank\" rel=\"noopener\">Microsoft Edge<\/a><br \/>\n<a href=\"https:\/\/support.apple.com\/es-es\/HT201265\" target=\"_blank\" rel=\"noopener\">Safari<\/a><br \/>\n<a href=\"https:\/\/help.opera.com\/en\/latest\/web-preferences\/#cookies\" target=\"_blank\" rel=\"noopener\">Opera<\/a><\/p>\n<p>El usuario puede revocar su consentimiento para el uso de Cookies en su navegador a trav\u00e9s de las indicaciones anteriores o a trav\u00e9s de la instalaci\u00f3n de un sistema de rechazo, (\u201copt-out\u201d) en su navegador web.<\/p>\n<p>En el caso de las Cookies de Google Analytics, el opt-out puede realizarse a trav\u00e9s del <a href=\"https:\/\/tools.google.com\/dlpage\/gaoptout?hl=None\" target=\"_blank\" rel=\"noopener\">siguiente enlace<\/a>.<\/p>\n<p>El usuario debe tener en cuenta que algunas caracter\u00edsticas de los contenidos de la p\u00e1gina web fisitaniafisioterapia.com\u00a0solo est\u00e1n disponibles si se permite la instalaci\u00f3n de Cookies en su navegador. Si decide no aceptar o bloquear determinadas Cookies (en funci\u00f3n de su finalidad), puede que esto afecte, total o parcialmente, al funcionamiento normal de la p\u00e1gina web o que impida el acceso a algunos servicios de la misma.<\/p>\n<\/div><\/div><div class=\"w-separator size_medium\"><\/div><div class=\"wpb_text_column\"><div class=\"wpb_wrapper\"><h2>4. Actualizaciones y cambios en la pol\u00edtica de cookies<\/h2>\n<\/div><\/div><div class=\"w-separator size_small\"><\/div><div class=\"wpb_text_column\"><div class=\"wpb_wrapper\"><p>Rebeca Montilla Fuentes puede modificar esta Pol\u00edtica de Cookies en funci\u00f3n de nuevas exigencias legislativas, reglamentarias, o con la finalidad de adaptar dicha pol\u00edtica a las instrucciones dictadas por la Agencia Espa\u00f1ola de Protecci\u00f3n de Datos.<\/p>\n<p>Si desea m\u00e1s informaci\u00f3n sobre qu\u00e9 uso hacemos de las Cookies, puede enviarnos un e-mail a: <a href=\"mailto:clinicafisitania@gmail.com\" target=\"_blank\" rel=\"noopener\">clinicafisitania@gmail.com<\/a>.<\/p>\n<\/div><\/div><\/div><\/div><\/div><\/div><\/div><\/section>\n","protected":false},"excerpt":{"rendered":"Cookies Policy1. \u00bfQu\u00e9 son las cookies? Rebeca Montilla Fuentes es responsable de la p\u00e1gina web fisitaniafisioterapia.com, y utiliza cookies y\/u otros archivos de funcionalidad similar (en adelante \u201cCookies\u201d). Las Cookies son peque\u00f1os archivos de datos que se env\u00edan al ordenador del usuario, tel\u00e9fono m\u00f3vil u otro dispositivo de acceso cuando visita una p\u00e1gina web y...","protected":false},"author":5,"featured_media":0,"parent":0,"menu_order":0,"comment_status":"closed","ping_status":"closed","template":"","meta":{"_acf_changed":false,"_joinchat":[],"footnotes":""},"class_list":["post-2807","page","type-page","status-publish","hentry"],"acf":[],"yoast_head":"<!-- This site is optimized with the Yoast SEO plugin v27.5 - https:\/\/yoast.com\/product\/yoast-seo-wordpress\/ -->\n<title>Cookies Policy | Fisitania Fisioterapia<\/title>\n<meta name=\"robots\" content=\"index, follow, max-snippet:-1, max-image-preview:large, max-video-preview:-1\" \/>\n<link rel=\"canonical\" href=\"https:\/\/fisitaniafisioterapia.com\/en\/cookies-policy\/\" \/>\n<meta property=\"og:locale\" content=\"en_US\" \/>\n<meta property=\"og:type\" content=\"article\" \/>\n<meta property=\"og:title\" content=\"Cookies Policy | Fisitania Fisioterapia\" \/>\n<meta property=\"og:url\" content=\"https:\/\/fisitaniafisioterapia.com\/en\/cookies-policy\/\" \/>\n<meta property=\"og:site_name\" content=\"Fisitania Fisioterapia\" \/>\n<meta property=\"article:modified_time\" content=\"2025-03-26T09:05:39+00:00\" \/>\n<meta property=\"og:image\" content=\"https:\/\/fisitaniafisioterapia.com\/wp-content\/uploads\/2021\/12\/LOGO-e1720693176847.png\" \/>\n\t<meta property=\"og:image:width\" content=\"284\" \/>\n\t<meta property=\"og:image:height\" content=\"223\" \/>\n\t<meta property=\"og:image:type\" content=\"image\/png\" \/>\n<meta name=\"twitter:card\" content=\"summary_large_image\" \/>\n<meta name=\"twitter:label1\" content=\"Est. reading time\" \/>\n\t<meta name=\"twitter:data1\" content=\"4 minutes\" \/>\n<script type=\"application\/ld+json\" class=\"yoast-schema-graph\">{\"@context\":\"https:\\\/\\\/schema.org\",\"@graph\":[{\"@type\":\"WebPage\",\"@id\":\"https:\\\/\\\/fisitaniafisioterapia.com\\\/en\\\/cookies-policy\\\/\",\"url\":\"https:\\\/\\\/fisitaniafisioterapia.com\\\/en\\\/cookies-policy\\\/\",\"name\":\"Cookies Policy | Fisitania Fisioterapia\",\"isPartOf\":{\"@id\":\"https:\\\/\\\/fisitaniafisioterapia.com\\\/en\\\/#website\"},\"datePublished\":\"2024-07-09T10:30:18+00:00\",\"dateModified\":\"2025-03-26T09:05:39+00:00\",\"breadcrumb\":{\"@id\":\"https:\\\/\\\/fisitaniafisioterapia.com\\\/en\\\/cookies-policy\\\/#breadcrumb\"},\"inLanguage\":\"en-US\",\"potentialAction\":[{\"@type\":\"ReadAction\",\"target\":[\"https:\\\/\\\/fisitaniafisioterapia.com\\\/en\\\/cookies-policy\\\/\"]}]},{\"@type\":\"BreadcrumbList\",\"@id\":\"https:\\\/\\\/fisitaniafisioterapia.com\\\/en\\\/cookies-policy\\\/#breadcrumb\",\"itemListElement\":[{\"@type\":\"ListItem\",\"position\":1,\"name\":\"Inicio\",\"item\":\"https:\\\/\\\/fisitaniafisioterapia.com\\\/en\\\/\"},{\"@type\":\"ListItem\",\"position\":2,\"name\":\"Cookies Policy\"}]},{\"@type\":\"WebSite\",\"@id\":\"https:\\\/\\\/fisitaniafisioterapia.com\\\/en\\\/#website\",\"url\":\"https:\\\/\\\/fisitaniafisioterapia.com\\\/en\\\/\",\"name\":\"Fisitania Fisioterapia\",\"description\":\"Cl&iacute;nica de fisioterapia en M&aacute;laga.\",\"publisher\":{\"@id\":\"https:\\\/\\\/fisitaniafisioterapia.com\\\/en\\\/#organization\"},\"potentialAction\":[{\"@type\":\"SearchAction\",\"target\":{\"@type\":\"EntryPoint\",\"urlTemplate\":\"https:\\\/\\\/fisitaniafisioterapia.com\\\/en\\\/?s={search_term_string}\"},\"query-input\":{\"@type\":\"PropertyValueSpecification\",\"valueRequired\":true,\"valueName\":\"search_term_string\"}}],\"inLanguage\":\"en-US\"},{\"@type\":\"Organization\",\"@id\":\"https:\\\/\\\/fisitaniafisioterapia.com\\\/en\\\/#organization\",\"name\":\"Fisitania Fisioterapia\",\"url\":\"https:\\\/\\\/fisitaniafisioterapia.com\\\/en\\\/\",\"logo\":{\"@type\":\"ImageObject\",\"inLanguage\":\"en-US\",\"@id\":\"https:\\\/\\\/fisitaniafisioterapia.com\\\/en\\\/#\\\/schema\\\/logo\\\/image\\\/\",\"url\":\"https:\\\/\\\/fisitaniafisioterapia.com\\\/wp-content\\\/uploads\\\/2021\\\/12\\\/FISITANIA_1_300ppp.jpg\",\"contentUrl\":\"https:\\\/\\\/fisitaniafisioterapia.com\\\/wp-content\\\/uploads\\\/2021\\\/12\\\/FISITANIA_1_300ppp.jpg\",\"width\":680,\"height\":486,\"caption\":\"Fisitania Fisioterapia\"},\"image\":{\"@id\":\"https:\\\/\\\/fisitaniafisioterapia.com\\\/en\\\/#\\\/schema\\\/logo\\\/image\\\/\"}}]}<\/script>\n<!-- \/ Yoast SEO plugin. -->","yoast_head_json":{"title":"Cookies Policy | Fisitania Fisioterapia","robots":{"index":"index","follow":"follow","max-snippet":"max-snippet:-1","max-image-preview":"max-image-preview:large","max-video-preview":"max-video-preview:-1"},"canonical":"https:\/\/fisitaniafisioterapia.com\/en\/cookies-policy\/","og_locale":"en_US","og_type":"article","og_title":"Cookies Policy | Fisitania Fisioterapia","og_url":"https:\/\/fisitaniafisioterapia.com\/en\/cookies-policy\/","og_site_name":"Fisitania Fisioterapia","article_modified_time":"2025-03-26T09:05:39+00:00","og_image":[{"width":284,"height":223,"url":"https:\/\/fisitaniafisioterapia.com\/wp-content\/uploads\/2021\/12\/LOGO-e1720693176847.png","type":"image\/png"}],"twitter_card":"summary_large_image","twitter_misc":{"Est. reading time":"4 minutes"},"schema":{"@context":"https:\/\/schema.org","@graph":[{"@type":"WebPage","@id":"https:\/\/fisitaniafisioterapia.com\/en\/cookies-policy\/","url":"https:\/\/fisitaniafisioterapia.com\/en\/cookies-policy\/","name":"Cookies Policy | Fisitania Fisioterapia","isPartOf":{"@id":"https:\/\/fisitaniafisioterapia.com\/en\/#website"},"datePublished":"2024-07-09T10:30:18+00:00","dateModified":"2025-03-26T09:05:39+00:00","breadcrumb":{"@id":"https:\/\/fisitaniafisioterapia.com\/en\/cookies-policy\/#breadcrumb"},"inLanguage":"en-US","potentialAction":[{"@type":"ReadAction","target":["https:\/\/fisitaniafisioterapia.com\/en\/cookies-policy\/"]}]},{"@type":"BreadcrumbList","@id":"https:\/\/fisitaniafisioterapia.com\/en\/cookies-policy\/#breadcrumb","itemListElement":[{"@type":"ListItem","position":1,"name":"Inicio","item":"https:\/\/fisitaniafisioterapia.com\/en\/"},{"@type":"ListItem","position":2,"name":"Cookies Policy"}]},{"@type":"WebSite","@id":"https:\/\/fisitaniafisioterapia.com\/en\/#website","url":"https:\/\/fisitaniafisioterapia.com\/en\/","name":"Fisitania Fisioterapia","description":"Cl&iacute;nica de fisioterapia en M&aacute;laga.","publisher":{"@id":"https:\/\/fisitaniafisioterapia.com\/en\/#organization"},"potentialAction":[{"@type":"SearchAction","target":{"@type":"EntryPoint","urlTemplate":"https:\/\/fisitaniafisioterapia.com\/en\/?s={search_term_string}"},"query-input":{"@type":"PropertyValueSpecification","valueRequired":true,"valueName":"search_term_string"}}],"inLanguage":"en-US"},{"@type":"Organization","@id":"https:\/\/fisitaniafisioterapia.com\/en\/#organization","name":"Fisitania Fisioterapia","url":"https:\/\/fisitaniafisioterapia.com\/en\/","logo":{"@type":"ImageObject","inLanguage":"en-US","@id":"https:\/\/fisitaniafisioterapia.com\/en\/#\/schema\/logo\/image\/","url":"https:\/\/fisitaniafisioterapia.com\/wp-content\/uploads\/2021\/12\/FISITANIA_1_300ppp.jpg","contentUrl":"https:\/\/fisitaniafisioterapia.com\/wp-content\/uploads\/2021\/12\/FISITANIA_1_300ppp.jpg","width":680,"height":486,"caption":"Fisitania Fisioterapia"},"image":{"@id":"https:\/\/fisitaniafisioterapia.com\/en\/#\/schema\/logo\/image\/"}}]}},"_links":{"self":[{"href":"https:\/\/fisitaniafisioterapia.com\/en\/wp-json\/wp\/v2\/pages\/2807","targetHints":{"allow":["GET"]}}],"collection":[{"href":"https:\/\/fisitaniafisioterapia.com\/en\/wp-json\/wp\/v2\/pages"}],"about":[{"href":"https:\/\/fisitaniafisioterapia.com\/en\/wp-json\/wp\/v2\/types\/page"}],"author":[{"embeddable":true,"href":"https:\/\/fisitaniafisioterapia.com\/en\/wp-json\/wp\/v2\/users\/5"}],"replies":[{"embeddable":true,"href":"https:\/\/fisitaniafisioterapia.com\/en\/wp-json\/wp\/v2\/comments?post=2807"}],"version-history":[{"count":1,"href":"https:\/\/fisitaniafisioterapia.com\/en\/wp-json\/wp\/v2\/pages\/2807\/revisions"}],"predecessor-version":[{"id":2808,"href":"https:\/\/fisitaniafisioterapia.com\/en\/wp-json\/wp\/v2\/pages\/2807\/revisions\/2808"}],"wp:attachment":[{"href":"https:\/\/fisitaniafisioterapia.com\/en\/wp-json\/wp\/v2\/media?parent=2807"}],"curies":[{"name":"wp","href":"https:\/\/api.w.org\/{rel}","templated":true}]}}